{"id":5966,"date":"2026-04-17T10:51:56","date_gmt":"2026-04-17T07:51:56","guid":{"rendered":"https:\/\/shiyuzu.webserveris.pro\/sikdatnu-politika\/"},"modified":"2026-05-14T17:47:03","modified_gmt":"2026-05-14T14:47:03","slug":"sikdatnu-politika","status":"publish","type":"page","link":"https:\/\/shiyuzu.lv\/lv\/sikdatnu-politika\/","title":{"rendered":"S\u012bkdat\u0146u politika"},"content":{"rendered":"\t\t<div data-elementor-type=\"wp-page\" data-elementor-id=\"5966\" class=\"elementor elementor-5966 elementor-4945\">\n\t\t\t\t<div class=\"elementor-element elementor-element-819400b e-flex e-con-boxed e-con e-parent\" data-id=\"819400b\" data-element_type=\"container\" data-e-type=\"container\">\n\t\t\t\t\t<div class=\"e-con-inner\">\n\t\t\t\t<div class=\"elementor-element elementor-element-2dbee39 elementor-widget elementor-widget-text-editor\" data-id=\"2dbee39\" data-element_type=\"widget\" data-e-type=\"widget\" data-widget_type=\"text-editor.default\">\n\t\t\t\t\t\t\t\t\t<p>P\u0113d\u0113joreiz atjaunin\u0101ta: 10.04.2026<br \/>T\u012bmek\u013ca vietne: www.shiyuzu.lv<\/p>\n<p>P\u0101rzinis: SIA SHIYUZU<br \/>Re\u0123. Nr.: 40203450298<br \/>Adrese: Duntes iela 19A, R\u012bga, LV-1005<br \/>E-pasts: info@shiyuzu.lv<\/p>\n<h4>1. Pamatinform\u0101cija<\/h4>\n<p>S\u012bkdatnes (cookies) ir nelielas teksta datnes, kas tiek saglab\u0101tas J\u016bsu ier\u012bc\u0113, apmekl\u0113jot m\u016bsu m\u0101jaslapu. T\u0101s pal\u012bdz nodro\u0161in\u0101t vietnes korektu darb\u012bbu, uzlabo lieto\u0161anas pieredzi un sniedz iesp\u0113ju mums saprast, k\u0101 apmekl\u0113t\u0101ji izmanto vietni.<\/p>\n<p>\u0160\u012bs s\u012bkdatnes pa\u0161as par sevi ne\u013cauj tie\u0161i identific\u0113t J\u016bs k\u0101 personu un netiek izmantotas personaliz\u0113tai sazi\u0146ai vai m\u0101rketingam bez J\u016bsu piekri\u0161anas.<\/p>\n<h4>2. S\u012bkdat\u0146u veidi<\/h4>\n<h5>2.1. Oblig\u0101t\u0101s (tehnisk\u0101s) s\u012bkdatnes<\/h5>\n<p>\u0160\u012bs s\u012bkdatnes ir nepiecie\u0161amas, lai m\u0101jaslapa darbotos korekti. T\u0101s tiek izmantotas, lai:<\/p>\n<ul>\n<li>uztur\u0113tu lietot\u0101ja sesiju;<\/li>\n<li>nodro\u0161in\u0101tu vietnes dro\u0161\u012bbu;<\/li>\n<li>pasarg\u0101tu no \u013caunpr\u0101t\u012bg\u0101m darb\u012bb\u0101m;<\/li>\n<li>saglab\u0101tu J\u016bsu s\u012bkdat\u0146u izv\u0113les.<\/li>\n<\/ul>\n<p>Bez \u0161\u012bm s\u012bkdatn\u0113m vietne var nedarboties pilnv\u0113rt\u012bgi, t\u0101p\u0113c t\u0101s nav iesp\u0113jams atsp\u0113jot.<\/p>\n<h5>2.2. Anal\u012btisk\u0101s s\u012bkdatnes<\/h5>\n<p>Lai uzlabotu m\u0101jaslapas saturu un lietojam\u012bbu, m\u0113s izmantojam Google Analytics. \u0160\u012bs s\u012bkdatnes pal\u012bdz mums analiz\u0113t:<\/p>\n<ul>\n<li>apmekl\u0113t\u0101ju skaitu;<\/li>\n<li>visbie\u017e\u0101k skat\u012bt\u0101s lapas;<\/li>\n<li>uztur\u0113\u0161an\u0101s ilgumu vietn\u0113;<\/li>\n<li>visp\u0101r\u012bgu lieto\u0161anas statistiku.<\/li>\n<\/ul>\n<p>\u0160o s\u012bkdat\u0146u izmanto\u0161ana notiek tikai ar J\u016bsu piekri\u0161anu.<\/p>\n<h5>2.3. M\u0101rketinga un izseko\u0161anas s\u012bkdatnes<\/h5>\n<p>M\u0101jaslap\u0101 var tikt izmantoti ar\u012b m\u0101rketinga r\u012bki, piem\u0113ram:<\/p>\n<ul>\n<li>Meta Pixel;<\/li>\n<li>Google Ads remarketinga r\u012bki.<\/li>\n<\/ul>\n<p>Tie tiek izmantoti, lai:<\/p>\n<ul>\n<li>izv\u0113rt\u0113tu rekl\u0101mu efektivit\u0101ti;<\/li>\n<li>par\u0101d\u012btu atbilsto\u0161\u0101kas rekl\u0101mas;<\/li>\n<li>analiz\u0113tu lietot\u0101ju darb\u012bbas p\u0113c rekl\u0101mu skat\u012b\u0161anas.<\/li>\n<\/ul>\n<p>\u0160\u012bs s\u012bkdatnes tiek aktiviz\u0113tas tikai tad, ja J\u016bs tam piekr\u012btat.<\/p>\n<h4>3. S\u012bkdat\u0146u glab\u0101\u0161anas ilgums<\/h4>\n<p>S\u012bkdat\u0146u glab\u0101\u0161anas ilgums var at\u0161\u0137irties:<\/p>\n<ul>\n<li>Sesijas s\u012bkdatnes \u2013 tiek dz\u0113stas, aizverot p\u0101rl\u016bkprogrammu;<\/li>\n<li>Past\u0101v\u012bg\u0101s s\u012bkdatnes \u2013 tiek saglab\u0101tas noteiktu laiku vai l\u012bdz br\u012bdim, kad t\u0101s dz\u0113\u0161at manu\u0101li.<\/li>\n<\/ul>\n<p>Prec\u012bzs termi\u0146\u0161 ir atkar\u012bgs no konkr\u0113t\u0101s s\u012bkdatnes veida.<\/p>\n<h4>4. Juridiskais pamats<\/h4>\n<p>Oblig\u0101to s\u012bkdat\u0146u izmanto\u0161ana balst\u0101s uz:<\/p>\n<ul>\n<li>m\u016bsu le\u0123it\u012bmaj\u0101m interes\u0113m nodro\u0161in\u0101t dro\u0161u un funkcion\u0101lu vietnes darb\u012bbu;<\/li>\n<li>nepiecie\u0161am\u012bbu nodro\u0161in\u0101t J\u016bsu piepras\u012btos pakalpojumus (piem\u0113ram, kontaktformas darb\u012bbu).<\/li>\n<\/ul>\n<p>Ja s\u012bkdat\u0146u darb\u012bbas rezult\u0101t\u0101 tiek apstr\u0101d\u0101ti personas dati (piem\u0113ram, IP adrese), \u0161\u012b apstr\u0101de tiek veikta saska\u0146\u0101 ar Eiropas Parlamenta un Padomes Regulu (ES) 2016\/679 (GDPR).<\/p>\n<p>Pla\u0161\u0101ka inform\u0101cija par personas datu apstr\u0101di pieejama m\u016bsu <a href=\"https:\/\/shiyuzu.lv\/privacy-policy\/\">Priv\u0101tuma politik\u0101<\/a>.<\/p>\n<h4>5. S\u012bkdat\u0146u p\u0101rvald\u012bba<\/h4>\n<p>J\u016bs jebkur\u0101 br\u012bd\u012b varat main\u012bt vai dz\u0113st s\u012bkdatnes savas p\u0101rl\u016bkprogrammas iestat\u012bjumos.<\/p>\n<p>L\u016bdzu, \u0146emiet v\u0113r\u0101, ka s\u012bkdat\u0146u atsp\u0113jo\u0161ana var ietekm\u0113t vietnes darb\u012bbu, tostarp kontaktformas funkcionalit\u0101ti.<\/p>\n<h4>6. Kontaktinform\u0101cija<\/h4>\n<p>Ja Jums rodas jaut\u0101jumi par s\u012bkdatn\u0113m vai datu apstr\u0101di, l\u016bdzu, sazinieties ar mums:<\/p>\n<p>P\u0101rzinis: SIA SHIYUZU<br \/>E-pasts: info@shiyuzu.lv<\/p>\n\t\t\t\t\t\t\t\t<\/div>\n\t\t\t\t\t<\/div>\n\t\t\t\t<\/div>\n\t\t\t\t<\/div>\n\t\t","protected":false},"excerpt":{"rendered":"<p>P\u0113d\u0113joreiz atjaunin\u0101ta: 10.04.2026T\u012bmek\u013ca vietne: www.shiyuzu.lv P\u0101rzinis: SIA SHIYUZURe\u0123. Nr.: 40203450298Adrese: Duntes iela 19A, R\u012bga, LV-1005E-pasts: info@shiyuzu.lv 1. Pamatinform\u0101cija S\u012bkdatnes (cookies) ir nelielas teksta datnes, kas tiek saglab\u0101tas J\u016bsu ier\u012bc\u0113, apmekl\u0113jot m\u016bsu m\u0101jaslapu. T\u0101s pal\u012bdz nodro\u0161in\u0101t vietnes korektu darb\u012bbu, uzlabo lieto\u0161anas pieredzi un sniedz iesp\u0113ju mums saprast, k\u0101 apmekl\u0113t\u0101ji izmanto vietni. \u0160\u012bs s\u012bkdatnes pa\u0161as par sevi ne\u013cauj tie\u0161i identific\u0113t J\u016bs k\u0101 [&hellip;]<\/p>\n","protected":false},"author":2,"featured_media":0,"parent":0,"menu_order":0,"comment_status":"closed","ping_status":"closed","template":"","meta":{"_acf_changed":false,"footnotes":""},"class_list":["post-5966","page","type-page","status-publish","hentry"],"acf":[],"_links":{"self":[{"href":"https:\/\/shiyuzu.lv\/lv\/wp-json\/wp\/v2\/pages\/5966","targetHints":{"allow":["GET"]}}],"collection":[{"href":"https:\/\/shiyuzu.lv\/lv\/wp-json\/wp\/v2\/pages"}],"about":[{"href":"https:\/\/shiyuzu.lv\/lv\/wp-json\/wp\/v2\/types\/page"}],"author":[{"embeddable":true,"href":"https:\/\/shiyuzu.lv\/lv\/wp-json\/wp\/v2\/users\/2"}],"replies":[{"embeddable":true,"href":"https:\/\/shiyuzu.lv\/lv\/wp-json\/wp\/v2\/comments?post=5966"}],"version-history":[{"count":2,"href":"https:\/\/shiyuzu.lv\/lv\/wp-json\/wp\/v2\/pages\/5966\/revisions"}],"predecessor-version":[{"id":5968,"href":"https:\/\/shiyuzu.lv\/lv\/wp-json\/wp\/v2\/pages\/5966\/revisions\/5968"}],"wp:attachment":[{"href":"https:\/\/shiyuzu.lv\/lv\/wp-json\/wp\/v2\/media?parent=5966"}],"curies":[{"name":"wp","href":"https:\/\/api.w.org\/{rel}","templated":true}]}}