{"id":5969,"date":"2026-04-17T10:57:36","date_gmt":"2026-04-17T07:57:36","guid":{"rendered":"https:\/\/shiyuzu.webserveris.pro\/privatuma-politika\/"},"modified":"2026-05-14T17:50:15","modified_gmt":"2026-05-14T14:50:15","slug":"privatuma-politika","status":"publish","type":"page","link":"https:\/\/shiyuzu.lv\/lv\/privatuma-politika\/","title":{"rendered":"Priv\u0101tuma politika"},"content":{"rendered":"\t\t<div data-elementor-type=\"wp-page\" data-elementor-id=\"5969\" class=\"elementor elementor-5969 elementor-4954\">\n\t\t\t\t<div class=\"elementor-element elementor-element-ceef9de e-flex e-con-boxed e-con e-parent\" data-id=\"ceef9de\" data-element_type=\"container\" data-e-type=\"container\">\n\t\t\t\t\t<div class=\"e-con-inner\">\n\t\t\t\t<div class=\"elementor-element elementor-element-5bc8127 elementor-widget elementor-widget-text-editor\" data-id=\"5bc8127\" data-element_type=\"widget\" data-e-type=\"widget\" data-widget_type=\"text-editor.default\">\n\t\t\t\t\t\t\t\t\t<p>P\u0113d\u0113joreiz atjaunin\u0101ta: 10.04.2026<br \/>T\u012bmek\u013ca vietne: www.shiyuzu.lv<\/p>\n<p>P\u0101rzinis: SIA SHIYUZU<br \/>Re\u0123. Nr.: 40203450298<br \/>Adrese: Duntes iela 19A, R\u012bga, LV-1005<br \/>E-pasts: info@shiyuzu.lv<\/p>\n<h4>1. Visp\u0101r\u012bga inform\u0101cija<\/h4>\n<p>\u0160\u012b priv\u0101tuma politika izskaidro, k\u0101 SIA SHIYUZU apstr\u0101d\u0101 personas datus, kad J\u016bs izmantojat m\u016bsu m\u0101jaslapu, sazin\u0101ties ar mums vai iesniedzat piepras\u012bjumus, izmantojot kontaktformu.<\/p>\n<p>M\u0113s ap\u0146emamies aizsarg\u0101t J\u016bsu priv\u0101tumu un personas datus, k\u0101 ar\u012b apstr\u0101d\u0101t tos tikai saska\u0146\u0101 ar Eiropas Parlamenta un Padomes Regulu (ES) 2016\/679 (Visp\u0101r\u012bg\u0101 datu aizsardz\u012bbas regula) un piem\u0113rojamiem Latvijas Republikas normat\u012bvajiem aktiem.<\/p>\n<h4>2. Inform\u0101cija ko m\u0113s apkopojam<\/h4>\n<p>M\u0113s varam apstr\u0101d\u0101t \u0161\u0101dus datus:<\/p>\n<ul>\n<li>v\u0101rdu (ja tas tiek nor\u0101d\u012bts);<\/li>\n<li>e-pasta adrese;<\/li>\n<li>t\u0101lru\u0146a numuru (ja tiek nor\u0101d\u012bts);<\/li>\n<li>zi\u0146ojuma saturu, ko J\u016bs nos\u016bt\u0101t, izmantojot kontaktformu vai e-pastu;<\/li>\n<li>tehnisko inform\u0101ciju (piem\u0113ram, IP adresi, p\u0101rl\u016bkprogrammas veidu, apmekl\u0113juma laiku).<\/li>\n<\/ul>\n<p><\/p>\n<h4>3. Datu apstr\u0101des m\u0113r\u0137i<\/h4>\n<p>Personas dati tiek apstr\u0101d\u0101ti \u0161\u0101diem m\u0113r\u0137iem:<\/p>\n<ul>\n<li>lai atbild\u0113tu uz J\u016bsu jaut\u0101jumiem vai piepras\u012bjumiem;<\/li>\n<li>lai nodro\u0161in\u0101tu komunik\u0101ciju ar klientiem;<\/li>\n<li>lai uzlabotu m\u0101jaslapas darb\u012bbu un lieto\u0161anas pieredzi;<\/li>\n<li>lai nodro\u0161in\u0101tu vietnes dro\u0161\u012bbu.<\/li>\n<\/ul>\n<p><\/p>\n<h4>4. Tiesiskais pamats<\/h4>\n<p>Personas datu apstr\u0101de tiek veikta, pamatojoties uz:<\/p>\n<ul>\n<li>J\u016bsu piekri\u0161anu (piem\u0113ram, kontaktformas aizpild\u012b\u0161ana);<\/li>\n<li>l\u012bguma izpildi vai pirmsl\u012bguma darb\u012bb\u0101m;<\/li>\n<li>m\u016bsu le\u0123it\u012bmaj\u0101m interes\u0113m nodro\u0161in\u0101t vietnes darb\u012bbu un sazi\u0146u ar klientiem;<\/li>\n<li>juridisko pien\u0101kumu izpildi, ja tas ir nepiecie\u0161ams.<\/li>\n<\/ul>\n<p><\/p>\n<h4>5. Datu glab\u0101\u0161anas ilgums<\/h4>\n<p>M\u0113s glab\u0101jam personas datus tikai tik ilgi, cik tas ir nepiecie\u0161ams:<\/p>\n<ul>\n<li>lai sasniegtu datu apstr\u0101des m\u0113r\u0137i;<\/li>\n<li>lai izpild\u012btu juridisk\u0101s pras\u012bbas;<\/li>\n<li>vai l\u012bdz br\u012bdim, kad J\u016bs atsaucat savu piekri\u0161anu (ja t\u0101 ir piem\u0113rojama).<\/li>\n<\/ul>\n<p>Parasti kontaktformas dati tiek glab\u0101ti tikai sazi\u0146as nodro\u0161in\u0101\u0161anai un netiek ilgsto\u0161i arhiv\u0113ti, ja tam nav pamata.<\/p>\n<h4>6. Datu nodo\u0161ana tre\u0161aj\u0101m pus\u0113m<\/h4>\n<p>M\u0113s nenododam J\u016bsu personas datus tre\u0161aj\u0101m pus\u0113m, iz\u0146emot gad\u012bjumus, kad tas ir nepiecie\u0161ams:<\/p>\n<ul>\n<li>vietnes tehniskai darb\u012bbai (piem\u0113ram, hostinga pakalpojumu sniedz\u0113js);<\/li>\n<li>anal\u012btikas r\u012bkiem (piem\u0113ram, Google Analytics, ja ir piekri\u0161ana);<\/li>\n<li>ja to pieprasa likums.<\/li>\n<\/ul>\n<p><\/p>\n<h4>7. J\u016bsu ties\u012bbas<\/h4>\n<p>Jums ir ties\u012bbas:<\/p>\n<ul>\n<li>piek\u013c\u016bt saviem personas datiem;<\/li>\n<li>piepras\u012bt to labo\u0161anu vai dz\u0113\u0161anu;<\/li>\n<li>iebilst pret datu apstr\u0101di;<\/li>\n<li>atsaukt piekri\u0161anu (ja t\u0101 ir sniegta);<\/li>\n<li>piepras\u012bt datu apstr\u0101des ierobe\u017eo\u0161anu.<\/li>\n<\/ul>\n<p>Lai izmantotu \u0161\u012bs ties\u012bbas, J\u016bs varat sazin\u0101ties ar mums.<\/p>\n<h4>8. Izmai\u0146as politik\u0101<\/h4>\n<p>M\u0113s veicam atbilsto\u0161us tehniskos un organizatoriskos pas\u0101kumus, lai aizsarg\u0101tu personas datus pret neat\u013cautu piek\u013cuvi, izpau\u0161anu, izmai\u0146\u0101m vai zudumu.<\/p>\n<h4>9. Tre\u0161o pu\u0161u pakalpojumi<\/h4>\n<p>M\u0101jaslap\u0101 var tikt izmantoti tre\u0161o pu\u0161u r\u012bki, piem\u0113ram:<\/p>\n<ul>\n<li>Google Analytics;<\/li>\n<li>Meta Pixel;<\/li>\n<li>Google Ads.<\/li>\n<\/ul>\n<p>\u0160ie pakalpojumi var apstr\u0101d\u0101t anonimiz\u0113tus vai da\u013c\u0113ji identific\u0113jo\u0161us datus saska\u0146\u0101 ar to priv\u0101tuma politik\u0101m.<\/p>\n<h4>10. Kontaktinform\u0101cija<\/h4>\n<p>Ja Jums ir jaut\u0101jumi par \u0161o priv\u0101tuma politiku vai datu apstr\u0101di, l\u016bdzu sazinieties ar mums:<\/p>\n<p>P\u0101rzinis: SIA SHIYUZU<br \/>E-pasts: info@shiyuzu.lv<\/p>\n\t\t\t\t\t\t\t\t<\/div>\n\t\t\t\t\t<\/div>\n\t\t\t\t<\/div>\n\t\t\t\t<\/div>\n\t\t","protected":false},"excerpt":{"rendered":"<p>P\u0113d\u0113joreiz atjaunin\u0101ta: 10.04.2026 T\u012bmek\u013ca vietne: www.shiyuzu.lv P\u0101rzinis: SIA SHIYUZU Re\u0123. Nr.: 40203450298 Adrese: Duntes iela 19A, R\u012bga, LV-1005 E-pasts: info@shiyuzu.lv 1. Visp\u0101r\u012bga inform\u0101cija \u0160\u012b priv\u0101tuma politika izskaidro, k\u0101 SIA SHIYUZU apstr\u0101d\u0101 personas datus, kad J\u016bs izmantojat m\u016bsu m\u0101jaslapu, sazin\u0101ties ar mums vai iesniedzat piepras\u012bjumus, izmantojot kontaktformu. M\u0113s ap\u0146emamies aizsarg\u0101t J\u016bsu priv\u0101tumu un personas datus, k\u0101 ar\u012b apstr\u0101d\u0101t tos tikai saska\u0146\u0101 [&hellip;]<\/p>\n","protected":false},"author":2,"featured_media":0,"parent":0,"menu_order":0,"comment_status":"closed","ping_status":"closed","template":"","meta":{"_acf_changed":false,"footnotes":""},"class_list":["post-5969","page","type-page","status-publish","hentry"],"acf":[],"_links":{"self":[{"href":"https:\/\/shiyuzu.lv\/lv\/wp-json\/wp\/v2\/pages\/5969","targetHints":{"allow":["GET"]}}],"collection":[{"href":"https:\/\/shiyuzu.lv\/lv\/wp-json\/wp\/v2\/pages"}],"about":[{"href":"https:\/\/shiyuzu.lv\/lv\/wp-json\/wp\/v2\/types\/page"}],"author":[{"embeddable":true,"href":"https:\/\/shiyuzu.lv\/lv\/wp-json\/wp\/v2\/users\/2"}],"replies":[{"embeddable":true,"href":"https:\/\/shiyuzu.lv\/lv\/wp-json\/wp\/v2\/comments?post=5969"}],"version-history":[{"count":3,"href":"https:\/\/shiyuzu.lv\/lv\/wp-json\/wp\/v2\/pages\/5969\/revisions"}],"predecessor-version":[{"id":5972,"href":"https:\/\/shiyuzu.lv\/lv\/wp-json\/wp\/v2\/pages\/5969\/revisions\/5972"}],"wp:attachment":[{"href":"https:\/\/shiyuzu.lv\/lv\/wp-json\/wp\/v2\/media?parent=5969"}],"curies":[{"name":"wp","href":"https:\/\/api.w.org\/{rel}","templated":true}]}}