{"id":6106,"date":"2020-04-27T12:36:14","date_gmt":"2020-04-27T09:36:14","guid":{"rendered":"https:\/\/shiyuzu.webserveris.pro\/par-shiyuzu\/"},"modified":"2026-05-15T18:13:04","modified_gmt":"2026-05-15T15:13:04","slug":"par-shiyuzu","status":"publish","type":"page","link":"https:\/\/shiyuzu.lv\/lv\/par-shiyuzu\/","title":{"rendered":"Par Shiyuzu"},"content":{"rendered":"\t\t<div data-elementor-type=\"wp-page\" data-elementor-id=\"6106\" class=\"elementor elementor-6106 elementor-3310\">\n\t\t\t\t<div class=\"elementor-element elementor-element-86e9423 e-flex e-con-boxed e-con e-parent\" data-id=\"86e9423\" data-element_type=\"container\" data-e-type=\"container\">\n\t\t\t\t\t<div class=\"e-con-inner\">\n\t\t\t\t<div class=\"elementor-element elementor-element-028684d elementor-widget elementor-widget-text-editor\" data-id=\"028684d\" data-element_type=\"widget\" data-e-type=\"widget\" data-widget_type=\"text-editor.default\">\n\t\t\t\t\t\t\t\t\t<p>M\u016bsdien\u012bga jap\u0101\u0146u izakaja R\u012bg\u0101 ar skatu uz Daugavu.<\/p>\n<p>Shiyuzu ir restor\u0101ns Daugavas krast\u0101, kas apvieno jap\u0101\u0146u izakajas filozofiju ar vieglu, izsmalcin\u0101tu un p\u0101rdom\u0101tu pieeju \u0113dienam. ExPorto kompleks\u0101 eso\u0161ais restor\u0101ns pied\u0101v\u0101 m\u016bsdien\u012bgu jap\u0101\u0146u izakajas interpret\u0101ciju &#8211; vieglu, p\u0101rdom\u0101tu un nians\u0113tu.<\/p>\n<p>Ja mekl\u0113 restor\u0101nu ar skatu uz Daugavu, vietu vakari\u0146\u0101m R\u012bg\u0101 vai atmosf\u0113ru<br \/>nesteidz\u012bgai baud\u012b\u0161anai, Shiyuzu pied\u0101v\u0101 pieredzi, kur kvalit\u0101te un saj\u016btas ir vienl\u012bdz svar\u012bgas. Virtuves rokraksts balst\u0101s kvalit\u0101t\u0113 un attur\u012bb\u0101, uzman\u012bbas centr\u0101 izvirzot pa\u0161u produktu &#8211; t\u0101 svaigumu, tekst\u016bru un l\u012bdzsvaru. Katrs \u0113diens veidots ar precizit\u0101ti, radot t\u012bru un harmonisku gar\u0161as pieredzi, kas nep\u0101rslogo, bet paliek atmi\u0146\u0101.<\/p>\n\t\t\t\t\t\t\t\t<\/div>\n\t\t\t\t\t<\/div>\n\t\t\t\t<\/div>\n\t\t<div class=\"elementor-element elementor-element-9a8a66e e-flex e-con-boxed e-con e-parent\" data-id=\"9a8a66e\" data-element_type=\"container\" data-e-type=\"container\">\n\t\t\t\t\t<div class=\"e-con-inner\">\n\t\t\t\t<div class=\"elementor-element elementor-element-efb5381 elementor-widget elementor-widget-image\" data-id=\"efb5381\" data-element_type=\"widget\" data-e-type=\"widget\" data-widget_type=\"image.default\">\n\t\t\t\t\t\t\t\t\t\t\t\t\t\t\t<img fetchpriority=\"high\" decoding=\"async\" width=\"1536\" height=\"854\" src=\"https:\/\/shiyuzu.lv\/wp-content\/uploads\/img-syz-0337-copy-3-1536x854.jpg\" class=\"attachment-1536x1536 size-1536x1536 wp-image-6102\" alt=\"\" srcset=\"https:\/\/shiyuzu.lv\/wp-content\/uploads\/img-syz-0337-copy-3-1536x854.jpg 1536w, https:\/\/shiyuzu.lv\/wp-content\/uploads\/img-syz-0337-copy-3-500x278.jpg 500w, https:\/\/shiyuzu.lv\/wp-content\/uploads\/img-syz-0337-copy-3-1024x569.jpg 1024w, https:\/\/shiyuzu.lv\/wp-content\/uploads\/img-syz-0337-copy-3-300x167.jpg 300w, https:\/\/shiyuzu.lv\/wp-content\/uploads\/img-syz-0337-copy-3-768x427.jpg 768w, https:\/\/shiyuzu.lv\/wp-content\/uploads\/img-syz-0337-copy-3-650x361.jpg 650w, https:\/\/shiyuzu.lv\/wp-content\/uploads\/img-syz-0337-copy-3-1169x650.jpg 1169w, https:\/\/shiyuzu.lv\/wp-content\/uploads\/img-syz-0337-copy-3-1300x723.jpg 1300w\" sizes=\"(max-width: 1536px) 100vw, 1536px\" \/>\t\t\t\t\t\t\t\t\t\t\t\t\t\t\t<\/div>\n\t\t\t\t\t<\/div>\n\t\t\t\t<\/div>\n\t\t<div class=\"elementor-element elementor-element-83564ff e-flex e-con-boxed e-con e-parent\" data-id=\"83564ff\" data-element_type=\"container\" data-e-type=\"container\">\n\t\t\t\t\t<div class=\"e-con-inner\">\n\t\t\t\t<div class=\"elementor-element elementor-element-d84d2b1 elementor-widget elementor-widget-text-editor\" data-id=\"d84d2b1\" data-element_type=\"widget\" data-e-type=\"widget\" data-widget_type=\"text-editor.default\">\n\t\t\t\t\t\t\t\t\t<p>\u012apa\u0161u lomu ie\u0146em terase ar pla\u0161u skatu uz Daugavu &#8211; vieta nesteidz\u012bgai baud\u012b\u0161anai pa\u0161\u0101 R\u012bgas centr\u0101. Saulrieta stund\u0101s, jahtu piest\u0101tnes fon\u0101, te par\u0101d\u0101s viegla Vidusj\u016bras noska\u0146a, gandr\u012bz k\u0101 neliels Monako fragments R\u012bg\u0101. T\u0101 ir vieta vakariem divat\u0101, vakariem ar draugiem un \u012bpa\u0161iem dz\u012bves mirk\u013ciem.<\/p>\n<p>Shiyuzu ir vair\u0101k nek\u0101 jap\u0101\u0146u restor\u0101ns R\u012bg\u0101 &#8211; t\u0101 ir vieta, kur \u0113diens, atmosf\u0113ra un est\u0113tika veido vienotu pieredzi. Harmoniska vide nesteidz\u012bg\u0101m pusdien\u0101m, elegant\u0101m vakari\u0146\u0101m un vakariem ar skatu uz Daugavu.<\/p>\n<p>Shiyuzu pied\u0101v\u0101 p\u0101rdom\u0101tu pieeju baud\u012b\u0161anai &#8211; bez p\u0101rm\u0113r\u012bbas, ar uzman\u012bbu<br \/>deta\u013c\u0101m, produktu kvalit\u0101tei un saj\u016bt\u0101m. \u0160eit baud\u012bjums nav tikai par gar\u0161u, bet par atmosf\u0113ru, ritmu un pieredzi kopum\u0101, kur izsmalcin\u0101t\u012bba dabiski sapl\u016bst ar komfortu.<\/p>\n<p>Atkl\u0101j savu gar\u0161as ce\u013cojumu ar Shiyuzu!<\/p>\n\t\t\t\t\t\t\t\t<\/div>\n\t\t\t\t\t<\/div>\n\t\t\t\t<\/div>\n\t\t\t\t<\/div>\n\t\t","protected":false},"excerpt":{"rendered":"<p>M\u016bsdien\u012bga jap\u0101\u0146u izakaja R\u012bg\u0101 ar skatu uz Daugavu. Shiyuzu ir restor\u0101ns Daugavas krast\u0101, kas apvieno jap\u0101\u0146u izakajas filozofiju ar vieglu, izsmalcin\u0101tu un p\u0101rdom\u0101tu pieeju \u0113dienam. ExPorto kompleks\u0101 eso\u0161ais restor\u0101ns pied\u0101v\u0101 m\u016bsdien\u012bgu jap\u0101\u0146u izakajas interpret\u0101ciju &#8211; vieglu, p\u0101rdom\u0101tu un nians\u0113tu. Ja mekl\u0113 restor\u0101nu ar skatu uz Daugavu, vietu vakari\u0146\u0101m R\u012bg\u0101 vai atmosf\u0113ru nesteidz\u012bgai baud\u012b\u0161anai, Shiyuzu pied\u0101v\u0101 pieredzi, kur kvalit\u0101te un saj\u016btas [&hellip;]<\/p>\n","protected":false},"author":1,"featured_media":0,"parent":0,"menu_order":0,"comment_status":"closed","ping_status":"closed","template":"full-width.php","meta":{"_acf_changed":false,"footnotes":""},"class_list":["post-6106","page","type-page","status-publish","hentry"],"acf":[],"_links":{"self":[{"href":"https:\/\/shiyuzu.lv\/lv\/wp-json\/wp\/v2\/pages\/6106","targetHints":{"allow":["GET"]}}],"collection":[{"href":"https:\/\/shiyuzu.lv\/lv\/wp-json\/wp\/v2\/pages"}],"about":[{"href":"https:\/\/shiyuzu.lv\/lv\/wp-json\/wp\/v2\/types\/page"}],"author":[{"embeddable":true,"href":"https:\/\/shiyuzu.lv\/lv\/wp-json\/wp\/v2\/users\/1"}],"replies":[{"embeddable":true,"href":"https:\/\/shiyuzu.lv\/lv\/wp-json\/wp\/v2\/comments?post=6106"}],"version-history":[{"count":3,"href":"https:\/\/shiyuzu.lv\/lv\/wp-json\/wp\/v2\/pages\/6106\/revisions"}],"predecessor-version":[{"id":6123,"href":"https:\/\/shiyuzu.lv\/lv\/wp-json\/wp\/v2\/pages\/6106\/revisions\/6123"}],"wp:attachment":[{"href":"https:\/\/shiyuzu.lv\/lv\/wp-json\/wp\/v2\/media?parent=6106"}],"curies":[{"name":"wp","href":"https:\/\/api.w.org\/{rel}","templated":true}]}}